{"id":983,"date":"2021-09-28T19:17:31","date_gmt":"2021-09-28T19:17:31","guid":{"rendered":"https:\/\/berg.devix.se\/?page_id=983"},"modified":"2021-11-10T10:30:11","modified_gmt":"2021-11-10T10:30:11","slug":"home","status":"publish","type":"page","link":"https:\/\/advokatfirmanberg.se\/en\/","title":{"rendered":"Hem"},"content":{"rendered":"<div data-elementor-type=\"wp-page\" data-elementor-id=\"983\" class=\"elementor elementor-983\">\n\t\t\t\t\t\t<section class=\"elementor-section elementor-top-section elementor-element elementor-element-0703c95 elementor-section-height-min-height elementor-section-items-stretch elementor-section-boxed elementor-section-height-default\" data-id=\"0703c95\" data-element_type=\"section\" data-e-type=\"section\">\n\t\t\t\t\t\t\t<div class=\"elementor-background-overlay\"><\/div>\n\t\t\t\t\t\t\t<div class=\"elementor-container elementor-column-gap-default\">\n\t\t\t\t\t<div class=\"elementor-column elementor-col-50 elementor-top-column elementor-element elementor-element-61676e7\" data-id=\"61676e7\" data-element_type=\"column\" data-e-type=\"column\">\n\t\t\t<div class=\"elementor-widget-wrap elementor-element-populated\">\n\t\t\t\t\t\t<div class=\"elementor-element elementor-element-eb4b872 elementor-widget elementor-widget-heading\" data-id=\"eb4b872\" data-element_type=\"widget\" data-e-type=\"widget\" data-widget_type=\"heading.default\">\n\t\t\t\t<div class=\"elementor-widget-container\">\n\t\t\t\t\t<h1 class=\"elementor-heading-title elementor-size-default\">ADVOKATFIRMAN BERG<\/h1>\t\t\t\t<\/div>\n\t\t\t\t<\/div>\n\t\t\t\t<div class=\"elementor-element elementor-element-8648ba1 elementor-widget elementor-widget-text-editor\" data-id=\"8648ba1\" data-element_type=\"widget\" data-e-type=\"widget\" data-widget_type=\"text-editor.default\">\n\t\t\t\t<div class=\"elementor-widget-container\">\n\t\t\t\t\t\t\t\t\t<p>Advokatfirman Berg has been founded by well-established members of the Swedish Bar Association (\u2018attorneys\u2019 or in Swedish \u2018advokater\u2019) who for many years had been specialising in the fields of law in which we operate. These attorneys had previously worked at law offices having both a business law and personal law focus. The underlying structure, organisation and competence of our law offices enables us to effectively deal with all the assignments entrusted to our attorneys.<\/p><p>Advokatfirman Berg is based in Gothenburg, but works with cases and matters throughout Sweden and is also regularly engaged by foreign clients.<\/p>\t\t\t\t\t\t\t\t<\/div>\n\t\t\t\t<\/div>\n\t\t\t\t\t<\/div>\n\t\t<\/div>\n\t\t\t\t<div class=\"elementor-column elementor-col-50 elementor-top-column elementor-element elementor-element-a601d13\" data-id=\"a601d13\" data-element_type=\"column\" data-e-type=\"column\">\n\t\t\t<div class=\"elementor-widget-wrap elementor-element-populated\">\n\t\t\t\t\t\t<div class=\"elementor-element elementor-element-2bb89b8 elementor-widget elementor-widget-image\" data-id=\"2bb89b8\" data-element_type=\"widget\" data-e-type=\"widget\" data-widget_type=\"image.default\">\n\t\t\t\t<div class=\"elementor-widget-container\">\n\t\t\t\t\t\t\t\t\t\t\t\t\t\t\t<img fetchpriority=\"high\" decoding=\"async\" width=\"800\" height=\"534\" src=\"https:\/\/advokatfirmanberg.se\/wp-content\/uploads\/2021\/09\/gruppbild_fo__rstasi_VLLci-1024x683.jpg\" class=\"attachment-large size-large wp-image-1142\" alt=\"berg_advokatfirma_gruppbild\" srcset=\"https:\/\/advokatfirmanberg.se\/wp-content\/uploads\/2021\/09\/gruppbild_fo__rstasi_VLLci-1024x683.jpg.webp 1024w, https:\/\/advokatfirmanberg.se\/wp-content\/uploads\/2021\/09\/gruppbild_fo__rstasi_VLLci-300x200.jpg.webp 300w, https:\/\/advokatfirmanberg.se\/wp-content\/uploads\/2021\/09\/gruppbild_fo__rstasi_VLLci-768x512.jpg.webp 768w, https:\/\/advokatfirmanberg.se\/wp-content\/uploads\/2021\/09\/gruppbild_fo__rstasi_VLLci-1536x1025.jpg.webp 1536w, https:\/\/advokatfirmanberg.se\/wp-content\/uploads\/2021\/09\/gruppbild_fo__rstasi_VLLci.jpg.webp 1800w\" sizes=\"(max-width: 800px) 100vw, 800px\" \/>\t\t\t\t\t\t\t\t\t\t\t\t\t\t\t<\/div>\n\t\t\t\t<\/div>\n\t\t\t\t\t<\/div>\n\t\t<\/div>\n\t\t\t\t\t<\/div>\n\t\t<\/section>\n\t\t\t\t<section class=\"elementor-section elementor-top-section elementor-element elementor-element-dbd14e4 elementor-section-boxed elementor-section-height-default elementor-section-height-default\" data-id=\"dbd14e4\" data-element_type=\"section\" data-e-type=\"section\">\n\t\t\t\t\t\t<div class=\"elementor-container elementor-column-gap-default\">\n\t\t\t\t\t<div class=\"elementor-column elementor-col-100 elementor-top-column elementor-element elementor-element-80b4dc4\" data-id=\"80b4dc4\" data-element_type=\"column\" data-e-type=\"column\">\n\t\t\t<div class=\"elementor-widget-wrap elementor-element-populated\">\n\t\t\t\t\t\t<div class=\"elementor-element elementor-element-1d6e645 elementor-widget elementor-widget-heading\" data-id=\"1d6e645\" data-element_type=\"widget\" data-e-type=\"widget\" data-widget_type=\"heading.default\">\n\t\t\t\t<div class=\"elementor-widget-container\">\n\t\t\t\t\t<h2 class=\"elementor-heading-title elementor-size-default\">AREAS OF LAW<\/h2>\t\t\t\t<\/div>\n\t\t\t\t<\/div>\n\t\t\t\t<section class=\"elementor-section elementor-inner-section elementor-element elementor-element-c440a2b elementor-section-boxed elementor-section-height-default elementor-section-height-default\" data-id=\"c440a2b\" data-element_type=\"section\" data-e-type=\"section\">\n\t\t\t\t\t\t<div class=\"elementor-container elementor-column-gap-default\">\n\t\t\t\t\t<div class=\"elementor-column elementor-col-50 elementor-inner-column elementor-element elementor-element-6240ed7\" data-id=\"6240ed7\" data-element_type=\"column\" data-e-type=\"column\">\n\t\t\t<div class=\"elementor-widget-wrap elementor-element-populated\">\n\t\t\t\t\t\t<div class=\"elementor-element elementor-element-09f0255 elementor-widget elementor-widget-text-editor\" data-id=\"09f0255\" data-element_type=\"widget\" data-e-type=\"widget\" data-widget_type=\"text-editor.default\">\n\t\t\t\t<div class=\"elementor-widget-container\">\n\t\t\t\t\t\t\t\t\t<p><a href=\"https:\/\/advokatfirmanberg.se\/en\/rattsomraden\/#bodelning-\">Division of property, divorce, cohabitee separation<\/a><\/p><p><a href=\"https:\/\/advokatfirmanberg.se\/en\/rattsomraden\/#arv-\">Inheritance, wills and estate administration<\/a><\/p><p><a href=\"https:\/\/advokatfirmanberg.se\/en\/rattsomraden\/#vardnad-\">Custody, residence and access relating to children<\/a><\/p><p><a href=\"https:\/\/berg.devix.se\/rattsomraden\/#familjeratt-\">Preventive family law<\/a><\/p><p><a href=\"https:\/\/advokatfirmanberg.se\/en\/rattsomraden\/#faderskap-\">Paternity, maternity and parenthood<\/a><\/p><p><a href=\"https:\/\/advokatfirmanberg.se\/en\/rattsomraden\/#adoption-\">Adoption and surrogate arrangements<\/a><\/p><p><a href=\"https:\/\/advokatfirmanberg.se\/en\/rattsomraden\/#brott-\">Criminal cases<\/a><\/p><p><a href=\"https:\/\/advokatfirmanberg.se\/en\/rattsomraden\/#tvist-\">Dispute resolution<\/a><\/p><p><a href=\"https:\/\/berg.devix.se\/rattsomraden\/#offentlig-\">Public law<\/a><\/p><p><a href=\"https:\/\/advokatfirmanberg.se\/en\/rattsomraden\/#godman-\">Special representatives under the Co-ownership Act<\/a><\/p><p><a href=\"https:\/\/advokatfirmanberg.se\/en\/rattsomraden\/#internationell-\">International private law<\/a><\/p>\t\t\t\t\t\t\t\t<\/div>\n\t\t\t\t<\/div>\n\t\t\t\t\t<\/div>\n\t\t<\/div>\n\t\t\t\t<div class=\"elementor-column elementor-col-50 elementor-inner-column elementor-element elementor-element-fd88fb2\" data-id=\"fd88fb2\" data-element_type=\"column\" data-e-type=\"column\">\n\t\t\t<div class=\"elementor-widget-wrap elementor-element-populated\">\n\t\t\t\t\t\t\t<\/div>\n\t\t<\/div>\n\t\t\t\t\t<\/div>\n\t\t<\/section>\n\t\t\t\t\t<\/div>\n\t\t<\/div>\n\t\t\t\t\t<\/div>\n\t\t<\/section>\n\t\t\t\t<\/div>","protected":false},"excerpt":{"rendered":"<p>ADVOKATFIRMAN BERG Advokatfirman Berg har bildats av v\u00e4letablerade advokater som sedan l\u00e5ng tid specialiserat sig inom advokatfirmans verksamhetsomr\u00e5den. Advokaterna har tidigare arbetat p\u00e5 b\u00e5de aff\u00e4rsjuridiska och humanjuridiska advokatbyr\u00e5er. Genom sin struktur, organisation och kompetens \u00e4r advokatfirman grundad f\u00f6r att p\u00e5 b\u00e4sta s\u00e4tt hantera de uppdrag som anf\u00f6rtros advokaterna. Advokatfirman Berg \u00e4r baserad i G\u00f6teborg, men [&hellip;]<\/p>","protected":false},"author":1,"featured_media":0,"parent":0,"menu_order":0,"comment_status":"closed","ping_status":"closed","template":"","meta":{"footnotes":""},"class_list":["post-983","page","type-page","status-publish","hentry"],"_links":{"self":[{"href":"https:\/\/advokatfirmanberg.se\/en\/wp-json\/wp\/v2\/pages\/983","targetHints":{"allow":["GET"]}}],"collection":[{"href":"https:\/\/advokatfirmanberg.se\/en\/wp-json\/wp\/v2\/pages"}],"about":[{"href":"https:\/\/advokatfirmanberg.se\/en\/wp-json\/wp\/v2\/types\/page"}],"author":[{"embeddable":true,"href":"https:\/\/advokatfirmanberg.se\/en\/wp-json\/wp\/v2\/users\/1"}],"replies":[{"embeddable":true,"href":"https:\/\/advokatfirmanberg.se\/en\/wp-json\/wp\/v2\/comments?post=983"}],"version-history":[{"count":144,"href":"https:\/\/advokatfirmanberg.se\/en\/wp-json\/wp\/v2\/pages\/983\/revisions"}],"predecessor-version":[{"id":2123,"href":"https:\/\/advokatfirmanberg.se\/en\/wp-json\/wp\/v2\/pages\/983\/revisions\/2123"}],"wp:attachment":[{"href":"https:\/\/advokatfirmanberg.se\/en\/wp-json\/wp\/v2\/media?parent=983"}],"curies":[{"name":"wp","href":"https:\/\/api.w.org\/{rel}","templated":true}]}}