{"id":1265,"date":"2021-10-01T09:25:05","date_gmt":"2021-10-01T09:25:05","guid":{"rendered":"https:\/\/berg.devix.se\/?page_id=1265"},"modified":"2021-11-10T13:29:29","modified_gmt":"2021-11-10T13:29:29","slug":"om-advokatfirman","status":"publish","type":"page","link":"https:\/\/advokatfirmanberg.se\/en\/om-advokatfirman\/","title":{"rendered":"ABOUT ADVOKATFIRMAN BERG"},"content":{"rendered":"<div data-elementor-type=\"wp-page\" data-elementor-id=\"1265\" class=\"elementor elementor-1265\">\n\t\t\t\t\t\t<section class=\"elementor-section elementor-top-section elementor-element elementor-element-0703c95 elementor-section-boxed elementor-section-height-default elementor-section-height-default\" data-id=\"0703c95\" data-element_type=\"section\" data-e-type=\"section\">\n\t\t\t\t\t\t\t<div class=\"elementor-background-overlay\"><\/div>\n\t\t\t\t\t\t\t<div class=\"elementor-container elementor-column-gap-default\">\n\t\t\t\t\t<div class=\"elementor-column elementor-col-50 elementor-top-column elementor-element elementor-element-61676e7\" data-id=\"61676e7\" data-element_type=\"column\" data-e-type=\"column\">\n\t\t\t<div class=\"elementor-widget-wrap elementor-element-populated\">\n\t\t\t\t\t\t<div class=\"elementor-element elementor-element-eb4b872 elementor-widget elementor-widget-heading\" data-id=\"eb4b872\" data-element_type=\"widget\" data-e-type=\"widget\" data-widget_type=\"heading.default\">\n\t\t\t\t<div class=\"elementor-widget-container\">\n\t\t\t\t\t<h1 class=\"elementor-heading-title elementor-size-default\">ADVOKATFIRMAN BERG<\/h1>\t\t\t\t<\/div>\n\t\t\t\t<\/div>\n\t\t\t\t<div class=\"elementor-element elementor-element-8648ba1 elementor-widget elementor-widget-text-editor\" data-id=\"8648ba1\" data-element_type=\"widget\" data-e-type=\"widget\" data-widget_type=\"text-editor.default\">\n\t\t\t\t<div class=\"elementor-widget-container\">\n\t\t\t\t\t\t\t\t\t<p>Advokatfirman Berg has been founded by well-established members of the Swedish Bar Association (\u2018attorneys\u2019 or in Swedish \u2018advokater\u2019) who for many years had been specialising in the fields of law in which we operate. These attorneys had previously worked at law offices having both a business law and personal law focus. The underlying structure, organisation and competence of our law offices enables us to effectively deal with all the assignments entrusted to our attorneys.<\/p><p>Advokatfirman Berg is based in Gothenburg, but works with cases and matters throughout Sweden and is also regularly engaged by foreign clients.<\/p>\t\t\t\t\t\t\t\t<\/div>\n\t\t\t\t<\/div>\n\t\t\t\t\t<\/div>\n\t\t<\/div>\n\t\t\t\t<div class=\"elementor-column elementor-col-50 elementor-top-column elementor-element elementor-element-a601d13\" data-id=\"a601d13\" data-element_type=\"column\" data-e-type=\"column\">\n\t\t\t<div class=\"elementor-widget-wrap elementor-element-populated\">\n\t\t\t\t\t\t<div class=\"elementor-element elementor-element-84038af elementor-widget elementor-widget-image\" data-id=\"84038af\" data-element_type=\"widget\" data-e-type=\"widget\" data-widget_type=\"image.default\">\n\t\t\t\t<div class=\"elementor-widget-container\">\n\t\t\t\t\t\t\t\t\t\t\t\t\t\t\t<img fetchpriority=\"high\" decoding=\"async\" width=\"800\" height=\"534\" src=\"https:\/\/advokatfirmanberg.se\/wp-content\/uploads\/2021\/09\/gruppbild_2-1024x683.jpg\" class=\"attachment-large size-large wp-image-1141\" alt=\"\" srcset=\"https:\/\/advokatfirmanberg.se\/wp-content\/uploads\/2021\/09\/gruppbild_2-1024x683.jpg.webp 1024w, https:\/\/advokatfirmanberg.se\/wp-content\/uploads\/2021\/09\/gruppbild_2-300x200.jpg.webp 300w, https:\/\/advokatfirmanberg.se\/wp-content\/uploads\/2021\/09\/gruppbild_2-768x512.jpg.webp 768w, https:\/\/advokatfirmanberg.se\/wp-content\/uploads\/2021\/09\/gruppbild_2-1536x1025.jpg.webp 1536w, https:\/\/advokatfirmanberg.se\/wp-content\/uploads\/2021\/09\/gruppbild_2.jpg.webp 1800w\" sizes=\"(max-width: 800px) 100vw, 800px\" \/>\t\t\t\t\t\t\t\t\t\t\t\t\t\t\t<\/div>\n\t\t\t\t<\/div>\n\t\t\t\t\t<\/div>\n\t\t<\/div>\n\t\t\t\t\t<\/div>\n\t\t<\/section>\n\t\t\t\t<section class=\"elementor-section elementor-top-section elementor-element elementor-element-5406400 elementor-section-height-min-height elementor-section-items-stretch elementor-reverse-tablet elementor-reverse-mobile elementor-section-boxed elementor-section-height-default\" data-id=\"5406400\" data-element_type=\"section\" data-e-type=\"section\">\n\t\t\t\t\t\t\t<div class=\"elementor-background-overlay\"><\/div>\n\t\t\t\t\t\t\t<div class=\"elementor-container elementor-column-gap-default\">\n\t\t\t\t\t<div class=\"elementor-column elementor-col-50 elementor-top-column elementor-element elementor-element-e619e36\" data-id=\"e619e36\" data-element_type=\"column\" data-e-type=\"column\">\n\t\t\t<div class=\"elementor-widget-wrap elementor-element-populated\">\n\t\t\t\t\t\t<div class=\"elementor-element elementor-element-2bb89b8 elementor-widget elementor-widget-image\" data-id=\"2bb89b8\" data-element_type=\"widget\" data-e-type=\"widget\" data-widget_type=\"image.default\">\n\t\t\t\t<div class=\"elementor-widget-container\">\n\t\t\t\t\t\t\t\t\t\t\t\t\t\t\t<img decoding=\"async\" width=\"800\" height=\"534\" src=\"https:\/\/advokatfirmanberg.se\/wp-content\/uploads\/2021\/09\/gruppbild_fo__rstasi_VLLci-1024x683.jpg\" class=\"attachment-large size-large wp-image-1142\" alt=\"berg_advokatfirma_gruppbild\" srcset=\"https:\/\/advokatfirmanberg.se\/wp-content\/uploads\/2021\/09\/gruppbild_fo__rstasi_VLLci-1024x683.jpg.webp 1024w, https:\/\/advokatfirmanberg.se\/wp-content\/uploads\/2021\/09\/gruppbild_fo__rstasi_VLLci-300x200.jpg.webp 300w, https:\/\/advokatfirmanberg.se\/wp-content\/uploads\/2021\/09\/gruppbild_fo__rstasi_VLLci-768x512.jpg.webp 768w, https:\/\/advokatfirmanberg.se\/wp-content\/uploads\/2021\/09\/gruppbild_fo__rstasi_VLLci-1536x1025.jpg.webp 1536w, https:\/\/advokatfirmanberg.se\/wp-content\/uploads\/2021\/09\/gruppbild_fo__rstasi_VLLci.jpg.webp 1800w\" sizes=\"(max-width: 800px) 100vw, 800px\" \/>\t\t\t\t\t\t\t\t\t\t\t\t\t\t\t<\/div>\n\t\t\t\t<\/div>\n\t\t\t\t\t<\/div>\n\t\t<\/div>\n\t\t\t\t<div class=\"elementor-column elementor-col-50 elementor-top-column elementor-element elementor-element-aab5eab\" data-id=\"aab5eab\" data-element_type=\"column\" data-e-type=\"column\">\n\t\t\t<div class=\"elementor-widget-wrap elementor-element-populated\">\n\t\t\t\t\t\t<div class=\"elementor-element elementor-element-a1421a2 elementor-widget elementor-widget-heading\" data-id=\"a1421a2\" data-element_type=\"widget\" data-e-type=\"widget\" data-widget_type=\"heading.default\">\n\t\t\t\t<div class=\"elementor-widget-container\">\n\t\t\t\t\t<h2 class=\"elementor-heading-title elementor-size-default\">WHAT IS AN \u2018ADVOKAT\u2019?<\/h2>\t\t\t\t<\/div>\n\t\t\t\t<\/div>\n\t\t\t\t<div class=\"elementor-element elementor-element-57977a2 elementor-widget elementor-widget-text-editor\" data-id=\"57977a2\" data-element_type=\"widget\" data-e-type=\"widget\" data-widget_type=\"text-editor.default\">\n\t\t\t\t<div class=\"elementor-widget-container\">\n\t\t\t\t\t\t\t\t\t\u2019Advokat\u2019(attorney) is a title protected by law, which may only be used by those lawyers who are members of the Swedish Bar Association (as opposed to the simple title of \u2018lawyer\u2019 (jurist)). Attorneys must comply with ethical rules, the most important of which are the attorney\u2019s loyalty to their clients, professional secrecy, independence and freedom from conflicts of interest. Engaging an \u2018attorney\u2019 means that you have a representative who is obliged by law to follow rules designed to ensure the client may feel secure. Please contact us if you have any questions about what engaging an attorney means or if you need any advice.\t\t\t\t\t\t\t\t<\/div>\n\t\t\t\t<\/div>\n\t\t\t\t\t<\/div>\n\t\t<\/div>\n\t\t\t\t\t<\/div>\n\t\t<\/section>\n\t\t\t\t<\/div>","protected":false},"excerpt":{"rendered":"<p>OM ADVOKATFIRMAN BERG Advokatfirman Berg har bildats av v\u00e4letablerade advokater som sedan l\u00e5ng tid specialiserat sig inom advokatfirmans verksamhetsomr\u00e5den. Advokaterna har tidigare arbetat p\u00e5 b\u00e5de aff\u00e4rsjuridiska och humanjuridiska advokatbyr\u00e5er. Genom sin struktur, organisation och kompetens \u00e4r advokatfirman grundad f\u00f6r att p\u00e5 b\u00e4sta s\u00e4tt hantera de uppdrag som anf\u00f6rtros advokaterna. Advokatfirman Berg \u00e4r baserad i G\u00f6teborg, [&hellip;]<\/p>","protected":false},"author":1,"featured_media":0,"parent":0,"menu_order":0,"comment_status":"closed","ping_status":"closed","template":"","meta":{"footnotes":""},"class_list":["post-1265","page","type-page","status-publish","hentry"],"_links":{"self":[{"href":"https:\/\/advokatfirmanberg.se\/en\/wp-json\/wp\/v2\/pages\/1265","targetHints":{"allow":["GET"]}}],"collection":[{"href":"https:\/\/advokatfirmanberg.se\/en\/wp-json\/wp\/v2\/pages"}],"about":[{"href":"https:\/\/advokatfirmanberg.se\/en\/wp-json\/wp\/v2\/types\/page"}],"author":[{"embeddable":true,"href":"https:\/\/advokatfirmanberg.se\/en\/wp-json\/wp\/v2\/users\/1"}],"replies":[{"embeddable":true,"href":"https:\/\/advokatfirmanberg.se\/en\/wp-json\/wp\/v2\/comments?post=1265"}],"version-history":[{"count":71,"href":"https:\/\/advokatfirmanberg.se\/en\/wp-json\/wp\/v2\/pages\/1265\/revisions"}],"predecessor-version":[{"id":2132,"href":"https:\/\/advokatfirmanberg.se\/en\/wp-json\/wp\/v2\/pages\/1265\/revisions\/2132"}],"wp:attachment":[{"href":"https:\/\/advokatfirmanberg.se\/en\/wp-json\/wp\/v2\/media?parent=1265"}],"curies":[{"name":"wp","href":"https:\/\/api.w.org\/{rel}","templated":true}]}}