{"id":1239,"date":"2021-10-01T09:19:20","date_gmt":"2021-10-01T09:19:20","guid":{"rendered":"https:\/\/berg.devix.se\/?page_id=1239"},"modified":"2021-10-15T12:54:52","modified_gmt":"2021-10-15T12:54:52","slug":"kostnader","status":"publish","type":"page","link":"https:\/\/advokatfirmanberg.se\/en\/kostnader\/","title":{"rendered":"FEES"},"content":{"rendered":"<div data-elementor-type=\"wp-page\" data-elementor-id=\"1239\" class=\"elementor elementor-1239\">\n\t\t\t\t\t\t<section class=\"elementor-section elementor-top-section elementor-element elementor-element-7470fff elementor-section-height-min-height elementor-section-items-stretch elementor-section-boxed elementor-section-height-default\" data-id=\"7470fff\" data-element_type=\"section\" data-e-type=\"section\">\n\t\t\t\t\t\t\t<div class=\"elementor-background-overlay\"><\/div>\n\t\t\t\t\t\t\t<div class=\"elementor-container elementor-column-gap-default\">\n\t\t\t\t\t<div class=\"elementor-column elementor-col-100 elementor-top-column elementor-element elementor-element-554474b anchor-parent\" data-id=\"554474b\" data-element_type=\"column\" data-e-type=\"column\">\n\t\t\t<div class=\"elementor-widget-wrap elementor-element-populated\">\n\t\t\t\t\t\t<div class=\"elementor-element elementor-element-858f114 elementor-widget elementor-widget-heading\" data-id=\"858f114\" data-element_type=\"widget\" data-e-type=\"widget\" data-widget_type=\"heading.default\">\n\t\t\t\t<div class=\"elementor-widget-container\">\n\t\t\t\t\t<h2 class=\"elementor-heading-title elementor-size-default\">LEGAL AID\/LEGAL PROTECTION INSURANCE<\/h2>\t\t\t\t<\/div>\n\t\t\t\t<\/div>\n\t\t\t\t<div class=\"elementor-element elementor-element-2aba0ff elementor-widget elementor-widget-text-editor\" data-id=\"2aba0ff\" data-element_type=\"widget\" data-e-type=\"widget\" data-widget_type=\"text-editor.default\">\n\t\t\t\t<div class=\"elementor-widget-container\">\n\t\t\t\t\t\t\t\t\t<p>Almost everyone has home insurance that includes cover known as legal protection. Legal protection can be used for many different kinds of dispute. If you cannot use the legal protection under your home insurance, the State may grant legal aid in certain cases. You pay a legal aid fee which is fixed on the basis of your income.<br \/><br \/>Your attorney can assist you when applying for legal protection or legal aid.<\/p>\t\t\t\t\t\t\t\t<\/div>\n\t\t\t\t<\/div>\n\t\t\t\t\t<\/div>\n\t\t<\/div>\n\t\t\t\t\t<\/div>\n\t\t<\/section>\n\t\t\t\t<section class=\"elementor-section elementor-top-section elementor-element elementor-element-6173e4f elementor-section-height-min-height elementor-section-items-stretch elementor-section-boxed elementor-section-height-default\" data-id=\"6173e4f\" data-element_type=\"section\" data-e-type=\"section\">\n\t\t\t\t\t\t\t<div class=\"elementor-background-overlay\"><\/div>\n\t\t\t\t\t\t\t<div class=\"elementor-container elementor-column-gap-default\">\n\t\t\t\t\t<div class=\"elementor-column elementor-col-100 elementor-top-column elementor-element elementor-element-c432753 anchor-parent\" data-id=\"c432753\" data-element_type=\"column\" data-e-type=\"column\">\n\t\t\t<div class=\"elementor-widget-wrap elementor-element-populated\">\n\t\t\t\t\t\t<div class=\"elementor-element elementor-element-493761d elementor-widget elementor-widget-heading\" data-id=\"493761d\" data-element_type=\"widget\" data-e-type=\"widget\" data-widget_type=\"heading.default\">\n\t\t\t\t<div class=\"elementor-widget-container\">\n\t\t\t\t\t<h2 class=\"elementor-heading-title elementor-size-default\">CONSUMER DISPUTES COMMITTEE<\/h2>\t\t\t\t<\/div>\n\t\t\t\t<\/div>\n\t\t\t\t<div class=\"elementor-element elementor-element-b965206 elementor-widget elementor-widget-text-editor\" data-id=\"b965206\" data-element_type=\"widget\" data-e-type=\"widget\" data-widget_type=\"text-editor.default\">\n\t\t\t\t<div class=\"elementor-widget-container\">\n\t\t\t\t\t\t\t\t\t<p>The Swedish Bar Association\u2019s Consumer Disputes Committee considers disputes resulting from services that an attorney has provided to a consumer. If you are dissatisfied with the service rendered and have not managed to reach an agreement with your attorney, you may refer to the Swedish Bar Association\u2019s Consumer Disputes Committee.<\/p><p>The contact details for the Consumer Disputes Committee are as follows:<\/p><p>Postal address: Box 27321, 102 54 Stockholm, SWEDEN<\/p>\t\t\t\t\t\t\t\t<\/div>\n\t\t\t\t<\/div>\n\t\t\t\t<div class=\"elementor-element elementor-element-5697b98 elementor-tablet-align-start elementor-mobile-align-start elementor-icon-list--layout-traditional elementor-list-item-link-full_width elementor-widget elementor-widget-icon-list\" data-id=\"5697b98\" data-element_type=\"widget\" data-e-type=\"widget\" data-widget_type=\"icon-list.default\">\n\t\t\t\t<div class=\"elementor-widget-container\">\n\t\t\t\t\t\t\t<ul class=\"elementor-icon-list-items\">\n\t\t\t\t\t\t\t<li class=\"elementor-icon-list-item\">\n\t\t\t\t\t\t\t\t\t\t\t<a href=\"tel:08-459 03 00\">\n\n\t\t\t\t\t\t\t\t\t\t\t\t<span class=\"elementor-icon-list-icon\">\n\t\t\t\t\t\t\t<i aria-hidden=\"true\" class=\"fas fa-phone\"><\/i>\t\t\t\t\t\t<\/span>\n\t\t\t\t\t\t\t\t\t\t<span class=\"elementor-icon-list-text\">08-459 03 00<\/span>\n\t\t\t\t\t\t\t\t\t\t\t<\/a>\n\t\t\t\t\t\t\t\t\t<\/li>\n\t\t\t\t\t\t\t\t<li class=\"elementor-icon-list-item\">\n\t\t\t\t\t\t\t\t\t\t\t<a href=\"mailto:Konsumenttvistnamnden@advokatsamfundet.se\">\n\n\t\t\t\t\t\t\t\t\t\t\t\t<span class=\"elementor-icon-list-icon\">\n\t\t\t\t\t\t\t<i aria-hidden=\"true\" class=\"fas fa-envelope\"><\/i>\t\t\t\t\t\t<\/span>\n\t\t\t\t\t\t\t\t\t\t<span class=\"elementor-icon-list-text\">Konsumenttvistnamnden@advokatsamfundet.se<\/span>\n\t\t\t\t\t\t\t\t\t\t\t<\/a>\n\t\t\t\t\t\t\t\t\t<\/li>\n\t\t\t\t\t\t<\/ul>\n\t\t\t\t\t\t<\/div>\n\t\t\t\t<\/div>\n\t\t\t\t<div class=\"elementor-element elementor-element-e4d6fc3 elementor-widget elementor-widget-text-editor\" data-id=\"e4d6fc3\" data-element_type=\"widget\" data-e-type=\"widget\" data-widget_type=\"text-editor.default\">\n\t\t\t\t<div class=\"elementor-widget-container\">\n\t\t\t\t\t\t\t\t\t<p>Website: <a href=\"http:\/\/www.advokatsamfundet.se\/konsumenttvistnamnden\">www.advokatsamfundet.se\/konsumenttvistnamnden<\/a><\/p>\t\t\t\t\t\t\t\t<\/div>\n\t\t\t\t<\/div>\n\t\t\t\t\t<\/div>\n\t\t<\/div>\n\t\t\t\t\t<\/div>\n\t\t<\/section>\n\t\t\t\t<\/div>","protected":false},"excerpt":{"rendered":"<p>R\u00e4ttshj\u00e4lp\/&shy;R\u00e4ttsskydd N\u00e4stan alla har hemf\u00f6rs\u00e4kringar som inneh\u00e5ller ett r\u00e4ttsskyddsmoment. R\u00e4ttsskyddet kan anv\u00e4ndas vid m\u00e5nga olika typer av tvister. Om du inte kan anv\u00e4nda r\u00e4ttsskyddet i din hemf\u00f6rs\u00e4kring kan staten i vissa fall bevilja r\u00e4ttshj\u00e4lp. Du betalar en r\u00e4ttshj\u00e4lpsavgift som best\u00e4ms utifr\u00e5n din inkomst. Din advokat bist\u00e5r dig med ans\u00f6kan om r\u00e4ttsskydd eller r\u00e4ttshj\u00e4lp. Konsument&shy;tvistn\u00e4mnden Advokatsamfundets [&hellip;]<\/p>","protected":false},"author":1,"featured_media":0,"parent":0,"menu_order":0,"comment_status":"closed","ping_status":"closed","template":"","meta":{"footnotes":""},"class_list":["post-1239","page","type-page","status-publish","hentry"],"_links":{"self":[{"href":"https:\/\/advokatfirmanberg.se\/en\/wp-json\/wp\/v2\/pages\/1239","targetHints":{"allow":["GET"]}}],"collection":[{"href":"https:\/\/advokatfirmanberg.se\/en\/wp-json\/wp\/v2\/pages"}],"about":[{"href":"https:\/\/advokatfirmanberg.se\/en\/wp-json\/wp\/v2\/types\/page"}],"author":[{"embeddable":true,"href":"https:\/\/advokatfirmanberg.se\/en\/wp-json\/wp\/v2\/users\/1"}],"replies":[{"embeddable":true,"href":"https:\/\/advokatfirmanberg.se\/en\/wp-json\/wp\/v2\/comments?post=1239"}],"version-history":[{"count":37,"href":"https:\/\/advokatfirmanberg.se\/en\/wp-json\/wp\/v2\/pages\/1239\/revisions"}],"predecessor-version":[{"id":2084,"href":"https:\/\/advokatfirmanberg.se\/en\/wp-json\/wp\/v2\/pages\/1239\/revisions\/2084"}],"wp:attachment":[{"href":"https:\/\/advokatfirmanberg.se\/en\/wp-json\/wp\/v2\/media?parent=1239"}],"curies":[{"name":"wp","href":"https:\/\/api.w.org\/{rel}","templated":true}]}}